{"id":32693,"date":"2021-10-27T13:14:15","date_gmt":"2021-10-27T11:14:15","guid":{"rendered":"https:\/\/swat.io\/?page_id=32693"},"modified":"2026-02-20T20:06:16","modified_gmt":"2026-02-20T18:06:16","slug":"legal","status":"publish","type":"page","link":"https:\/\/swat.io\/de\/legal\/","title":{"rendered":"Legal"},"content":{"rendered":"\t\t<div data-elementor-type=\"wp-page\" data-elementor-id=\"32693\" class=\"elementor elementor-32693\" data-elementor-post-type=\"page\">\n\t\t\t\t\t\t<section class=\"\" data-e-type=\"section\">\n\t\t\t\t\t\t<div class=\"elementor-container elementor-column-gap-default\">\n\t\t\t\t\t<div class=\"\" data-e-type=\"column\">\n\t\t\t<div class=\"elementor-widget-wrap elementor-element-populated\">\n\t\t\t\t\t\t<div class=\"margin-xs image--default image\" data-e-type=\"widget\">\n\t\t\t\t<div class=\"image__container inner inner--narrow \">\n\t\t\t<div class=\"header__media\">\t\t\t\t<div class=\"media__item media \">\n\t\t\t\t\t\t\t\t\t\t<img fetchpriority=\"high\" decoding=\"async\" width=\"1900\" height=\"806\" src=\"https:\/\/swat.io\/wp-content\/uploads\/2023\/04\/Legal-Page-Header-neu.jpg\" class=\"media-border__item image-element\" alt=\"\" srcset=\"https:\/\/swat.io\/wp-content\/uploads\/2023\/04\/Legal-Page-Header-neu.jpg 1900w, https:\/\/swat.io\/wp-content\/uploads\/2023\/04\/Legal-Page-Header-neu-750x318.jpg 750w, https:\/\/swat.io\/wp-content\/uploads\/2023\/04\/Legal-Page-Header-neu-1080x458.jpg 1080w, https:\/\/swat.io\/wp-content\/uploads\/2023\/04\/Legal-Page-Header-neu-1536x652.jpg 1536w, https:\/\/swat.io\/wp-content\/uploads\/2023\/04\/Legal-Page-Header-neu-640x271.jpg 640w, https:\/\/swat.io\/wp-content\/uploads\/2023\/04\/Legal-Page-Header-neu-300x127.jpg 300w\" sizes=\"(max-width: 1900px) 100vw, 1900px\" \/>\t\t\t\t\t<\/a>\t\t\t\t<\/div>\n\t\t\t\t<\/div>\t\t\t\t\t<\/div>\n\t\t\t\t<\/div>\n\t\t\t\t<div class=\"margin-s body--default body\" data-e-type=\"widget\">\n\t\t\t\t<div class=\"body__container inner inner--narrow\">\n\t\t\t<div class=\"body__wrapper\">\n\t\t\t\t<h2 class=\"body__title headline\">Rechtliche Hinweise<\/h2>\t\t\t\t\t\t\t\t<div class=\"body__text text text-rich\">\n\t\t\t\t\t<p>Herzlich willkommen bei Swat.io! Im Folgenden finden Sie wichtige rechtliche Hinweise \u00fcbersichtlich in pdf-Form.<\/p>\n\t\t\t\t<\/div>\n\t\t\t\t\t\t\t\t\n\t\t\t\t\t\t\t<\/div>\n\t\t<\/div>\n\t\t\t\t<\/div>\n\t\t\t\t<div class=\"margin-default legal-accordion\" data-e-type=\"widget\">\n\t\t\t\t<div class=\"legal-accordion__container inner inner--narrow\">\t\t\t\t\t\n\t\t\t\t\t\t<div class=\"legal-accordion__items\">\n\t\t\t\t\t\t\t\t\t\t\t\t\t\t\t<details class=\"legal-accordion__item\">\n\t\t\t    \t\t<summary class=\"legal-accordion__title legal-accordion__title--expandable text-large\"><div class=\"legal-accordion__title-container\"><a href=\"https:\/\/swat.io\/wp-content\/uploads\/2026\/02\/20260220_Datenschutzerklarung_Website_Swat.io_DE.pdf\" target=\"_blank\">Datenschutzerkl\u00e4rung f\u00fcr Website Besucher:innen \u2013 g\u00fcltig ab 20.02.2026<svg width=\"24\" height=\"24\" viewBox=\"0 0 24 24\" fill=\"none\" class=\"icon legal-accordion__icon svg\" role=\"img\" aria-hidden=\"true\">\n<path d=\"M9.98346 13.8501L20.25 3.75006\" stroke=\"#2B9CDA\" stroke-width=\"1.8\" stroke-linecap=\"round\" stroke-linejoin=\"round\"><\/path>\n<path d=\"M20.25 9.52205V3.75006H14.3834\" stroke=\"#2B9CDA\" stroke-width=\"1.8\" stroke-linecap=\"round\" stroke-linejoin=\"round\"><\/path>\n<path d=\"M12.0917 7.41632H4.39178C4.2216 7.41632 4.05839 7.48392 3.93806 7.60426C3.81773 7.72459 3.75012 7.8878 3.75012 8.05798V19.6078C3.75012 19.778 3.81773 19.9412 3.93806 20.0616C4.05839 20.1819 4.2216 20.2495 4.39178 20.2495H15.9416C16.1118 20.2495 16.275 20.1819 16.3954 20.0616C16.5157 19.9412 16.5833 19.778 16.5833 19.6078V11.9079\" stroke=\"#2B9CDA\" stroke-width=\"1.8\" stroke-linecap=\"round\" stroke-linejoin=\"round\"><\/path>\n<\/svg><\/a><\/div><span class=\"legal-accordion__subtitle text-large\">Archiv<\/span><\/summary>\t\t\t    \t\t<div class=\"legal-accordion__text text text-rich\"><ul>\n<li><a href=\"https:\/\/swat.io\/wp-content\/uploads\/2025\/11\/20251103_Datenschutzerklaerung_Website_Swat.io_DE-2.pdf\">Datenschutzerkl\u00e4rung f\u00fcr Website Besucher:innen \u2013 g\u00fcltig bis 19.02.2026<\/a><\/li>\n<li><a href=\"https:\/\/swat.io\/wp-content\/uploads\/2024\/09\/20240926_Datenschutzerklarung_Website_Swat.io_DE.pdf\" target=\"_blank\" rel=\"noopener\">Datenschutzerkl\u00e4rung f\u00fcr Website Besucher:innen \u2013 g\u00fcltig bis 02.11.2025<\/a><\/li>\n<li><a href=\"https:\/\/swat.io\/wp-content\/uploads\/2024\/08\/20240806_Datenschutzerklarung_Website_Swat.io_DE.pdf\" target=\"_blank\" rel=\"noopener\">Datenschutzerkl\u00e4rung f\u00fcr Website Besucher:innen \u2013 g\u00fcltig bis 25.09.2024<\/a><\/li>\n<li><a href=\"https:\/\/swat.io\/wp-content\/uploads\/2024\/07\/20240717_Datenschutzerklarung_Website_Swat.io_DE.pdf\" target=\"_blank\" rel=\"noopener\">Datenschutzerkl\u00e4rung f\u00fcr Website Besucher:innen \u2013 g\u00fcltig bis 05.08.2024<\/a><\/li>\n<li><a href=\"https:\/\/swat.io\/wp-content\/uploads\/2024\/02\/20240229_Datenschutzerklarung_Website_Swat.io_DE.pdf\">Datenschutzerkl\u00e4rung f\u00fcr Website Besucher:innen \u2013 g\u00fcltig bis 16.07.2024<\/a><\/li>\n<li><a href=\"https:\/\/swat.io\/wp-content\/uploads\/2023\/11\/20231115_Datenschutzerklaerung_Website_Swat.io_DE.pdf\">Datenschutzerkl\u00e4rung f\u00fcr Website Besucher:innen \u2013 g\u00fcltig bis 28.02.2024<\/a><\/li>\n<li><a href=\"https:\/\/swat.io\/wp-content\/uploads\/2023\/04\/20230413_Datenschutzerklaerung_Website_Swat.io_DE.pdf\" target=\"_blank\" rel=\"noopener\">Datenschutzerkl\u00e4rung f\u00fcr Website Besucher:innen \u2013 g\u00fcltig bis 15.11.2023<\/a><\/li>\n<li><a href=\"https:\/\/swat.io\/wp-content\/uploads\/2023\/04\/20230330_Datenschutzerklaerung_Website_Swat.io_DE.pdf\" target=\"_blank\" rel=\"noopener\">Datenschutzerkl\u00e4rung f\u00fcr Website Besucher:innen \u2013 g\u00fcltig bis 12.04.2023<\/a><\/li>\n<\/ul>\n<\/div>\t\t\t\t\t\t<\/details>\n\t\t\t\t\t\t\t\t\t\t\n\t\t\t\t\t\t\t\t\t\t\t\t\t\t\t<details class=\"legal-accordion__item\">\n\t\t\t    \t\t<summary class=\"legal-accordion__title legal-accordion__title--expandable text-large\"><div class=\"legal-accordion__title-container\"><a href=\"https:\/\/swat.io\/wp-content\/uploads\/2025\/11\/20251103_Datenschutzerklaerung_Kunden_Swat.io_DE-2.pdf\" target=\"_blank\">Datenschutzerkl\u00e4rung f\u00fcr Nutzer:innen von Swat.io \u2013 g\u00fcltig ab 03.11.2025<svg width=\"24\" height=\"24\" viewBox=\"0 0 24 24\" fill=\"none\" class=\"icon legal-accordion__icon svg\" role=\"img\" aria-hidden=\"true\">\n<path d=\"M9.98346 13.8501L20.25 3.75006\" stroke=\"#2B9CDA\" stroke-width=\"1.8\" stroke-linecap=\"round\" stroke-linejoin=\"round\"><\/path>\n<path d=\"M20.25 9.52205V3.75006H14.3834\" stroke=\"#2B9CDA\" stroke-width=\"1.8\" stroke-linecap=\"round\" stroke-linejoin=\"round\"><\/path>\n<path d=\"M12.0917 7.41632H4.39178C4.2216 7.41632 4.05839 7.48392 3.93806 7.60426C3.81773 7.72459 3.75012 7.8878 3.75012 8.05798V19.6078C3.75012 19.778 3.81773 19.9412 3.93806 20.0616C4.05839 20.1819 4.2216 20.2495 4.39178 20.2495H15.9416C16.1118 20.2495 16.275 20.1819 16.3954 20.0616C16.5157 19.9412 16.5833 19.778 16.5833 19.6078V11.9079\" stroke=\"#2B9CDA\" stroke-width=\"1.8\" stroke-linecap=\"round\" stroke-linejoin=\"round\"><\/path>\n<\/svg><\/a><\/div><span class=\"legal-accordion__subtitle text-large\">Archiv<\/span><\/summary>\t\t\t    \t\t<div class=\"legal-accordion__text text text-rich\"><ul>\n<li><a href=\"https:\/\/swat.io\/wp-content\/uploads\/2025\/03\/20250301_Datenschutzerklarung_Kunden_Swat.io_DE.pdf\" target=\"_blank\" rel=\"noopener\">Datenschutzerkl\u00e4rung f\u00fcr Nutzer:innen von Swat.io \u2013 g\u00fcltig bis 02.11.2025<\/a><\/li>\n<li><a href=\"https:\/\/swat.io\/wp-content\/uploads\/2024\/12\/20241218_Datenschutzerklarung_Kunden_Swat.io_DE.pdf\" target=\"_blank\" rel=\"noopener\">Datenschutzerkl\u00e4rung f\u00fcr Nutzer:innen von Swat.io \u2013 g\u00fcltig bis 11.03.2025<\/a><\/li>\n<li><a href=\"https:\/\/swat.io\/wp-content\/uploads\/2024\/10\/20241030_Datenschutzerklarung_Kunden_Swat.io_DE.pdf\" target=\"_blank\" rel=\"noopener\">Datenschutzerkl\u00e4rung f\u00fcr Nutzer:innen von Swat.io \u2013 g\u00fcltig bis 18.12.2024<\/a><\/li>\n<li><a href=\"https:\/\/swat.io\/wp-content\/uploads\/2024\/09\/20240926_Datenschutzerklarung_Kunden_Swat.io_DE.pdf\" target=\"_blank\" rel=\"noopener\">Datenschutzerkl\u00e4rung f\u00fcr Nutzer:innen von Swat.io \u2013 g\u00fcltig bis 30.10.2024<\/a><\/li>\n<li><a href=\"https:\/\/swat.io\/wp-content\/uploads\/2024\/08\/20240806_Datenschutzerklarung_Kunden_Swat.io_DE.pdf\" target=\"_blank\" rel=\"noopener\">Datenschutzerkl\u00e4rung f\u00fcr Nutzer:innen von Swat.io \u2013 g\u00fcltig bis 25.09.2024<\/a><\/li>\n<li><a href=\"https:\/\/swat.io\/wp-content\/uploads\/2024\/05\/20240505_Datenschutzerklarung_Kunden_Swat.io_DE.pdf\" target=\"_blank\" rel=\"noopener\">Datenschutzerkl\u00e4rung f\u00fcr Nutzer:innen von Swat.io \u2013 g\u00fcltig bis 05.08.2024<\/a><\/li>\n<\/ul>\n<\/div>\t\t\t\t\t\t<\/details>\n\t\t\t\t\t\t\t\t\t\t\n\t\t\t\t\t\t\t\t\t\t\t\t\t\t\t<div class=\"legal-accordion__item\">\n\t\t\t    \t\t<div class=\"legal-accordion__title text-large\"><div class=\"legal-accordion__title-container\"><a href=\"https:\/\/swat.io\/wp-content\/uploads\/2021\/11\/20211013_AGB_DE.pdf\" target=\"_blank\">Allgemeine Gesch\u00e4ftsbedingungen der Swat.io GmbH (AGB)<svg width=\"24\" height=\"24\" viewBox=\"0 0 24 24\" fill=\"none\" class=\"icon legal-accordion__icon svg\" role=\"img\" aria-hidden=\"true\">\n<path d=\"M9.98346 13.8501L20.25 3.75006\" stroke=\"#2B9CDA\" stroke-width=\"1.8\" stroke-linecap=\"round\" stroke-linejoin=\"round\"><\/path>\n<path d=\"M20.25 9.52205V3.75006H14.3834\" stroke=\"#2B9CDA\" stroke-width=\"1.8\" stroke-linecap=\"round\" stroke-linejoin=\"round\"><\/path>\n<path d=\"M12.0917 7.41632H4.39178C4.2216 7.41632 4.05839 7.48392 3.93806 7.60426C3.81773 7.72459 3.75012 7.8878 3.75012 8.05798V19.6078C3.75012 19.778 3.81773 19.9412 3.93806 20.0616C4.05839 20.1819 4.2216 20.2495 4.39178 20.2495H15.9416C16.1118 20.2495 16.275 20.1819 16.3954 20.0616C16.5157 19.9412 16.5833 19.778 16.5833 19.6078V11.9079\" stroke=\"#2B9CDA\" stroke-width=\"1.8\" stroke-linecap=\"round\" stroke-linejoin=\"round\"><\/path>\n<\/svg><\/a><span class=\"legal-accordion__info text\">Der Begriff &quot;Enterprise&quot; entspricht der aktuellen Lizenzbezeichnung &quot;Custom&quot;.<\/span><\/div><\/div>\t\t\t\t\t\t<\/div>\n\t\t\t\t\t\t\t\t\t\t\n\t\t\t\t\t\t\t\t\t\t\t\t\t\t\t<details class=\"legal-accordion__item\">\n\t\t\t    \t\t<summary class=\"legal-accordion__title legal-accordion__title--expandable text-large\"><div class=\"legal-accordion__title-container\"><a href=\"https:\/\/swat.io\/wp-content\/uploads\/2025\/10\/20251006_ADV_swat.io_D.pdf\" target=\"_blank\">Vertrag zur Durchf\u00fchrung von Auftragsverarbeitungen (ADV) \u2013 g\u00fcltig ab g\u00fcltig ab 07.11.2025<svg width=\"24\" height=\"24\" viewBox=\"0 0 24 24\" fill=\"none\" class=\"icon legal-accordion__icon svg\" role=\"img\" aria-hidden=\"true\">\n<path d=\"M9.98346 13.8501L20.25 3.75006\" stroke=\"#2B9CDA\" stroke-width=\"1.8\" stroke-linecap=\"round\" stroke-linejoin=\"round\"><\/path>\n<path d=\"M20.25 9.52205V3.75006H14.3834\" stroke=\"#2B9CDA\" stroke-width=\"1.8\" stroke-linecap=\"round\" stroke-linejoin=\"round\"><\/path>\n<path d=\"M12.0917 7.41632H4.39178C4.2216 7.41632 4.05839 7.48392 3.93806 7.60426C3.81773 7.72459 3.75012 7.8878 3.75012 8.05798V19.6078C3.75012 19.778 3.81773 19.9412 3.93806 20.0616C4.05839 20.1819 4.2216 20.2495 4.39178 20.2495H15.9416C16.1118 20.2495 16.275 20.1819 16.3954 20.0616C16.5157 19.9412 16.5833 19.778 16.5833 19.6078V11.9079\" stroke=\"#2B9CDA\" stroke-width=\"1.8\" stroke-linecap=\"round\" stroke-linejoin=\"round\"><\/path>\n<\/svg><\/a><\/div><span class=\"legal-accordion__subtitle text-large\">Archiv<\/span><\/summary>\t\t\t    \t\t<div class=\"legal-accordion__text text text-rich\"><ul>\n<li><a href=\"https:\/\/swat.io\/wp-content\/uploads\/2024\/05\/20240313_ADV_swat.io_D.pdf\">Vertrag zur Durchf\u00fchrung von Auftragsverarbeitungen (ADV) - g\u00fcltig bis 06.11.2025<\/a><\/li>\n<li><a href=\"https:\/\/swat.io\/wp-content\/uploads\/2023\/05\/20230503_ADV_swat.io_D_Gueltig-ab-01.06.2023-1.pdf\" target=\"_blank\" rel=\"noopener\">Vertrag zur Durchf\u00fchrung von Auftragsverarbeitungen (ADV) \u2013 g\u00fcltig ab 01.06.2023<\/a><\/li>\n<li><a href=\"https:\/\/swat.io\/wp-content\/uploads\/2023\/05\/20221018_ADV_swat.io_D_Gueltig-bis-31.05.2023.pdf\" target=\"_blank\" rel=\"noopener\">Vertrag zur Durchf\u00fchrung von Auftragsverarbeitungen (ADV) \u2013 g\u00fcltig bis 31.05.2023<\/a><\/li>\n<\/ul>\n<\/div>\t\t\t\t\t\t<\/details>\n\t\t\t\t\t\t\t\t\t\t\n\t\t\t\t\t\t\t\t\t\t\t\t\t\t\t<div class=\"legal-accordion__item\">\n\t\t\t    \t\t<div class=\"legal-accordion__title text-large\"><div class=\"legal-accordion__title-container\"><a href=\"https:\/\/swat.io\/wp-content\/uploads\/2022\/10\/20221010_Swat.io_Technisch-organisatorische-Massnahmen_D.pdf\" target=\"_blank\">Technisch-organisatorische Ma\u00dfnahmen (TOM)<svg width=\"24\" height=\"24\" viewBox=\"0 0 24 24\" fill=\"none\" class=\"icon legal-accordion__icon svg\" role=\"img\" aria-hidden=\"true\">\n<path d=\"M9.98346 13.8501L20.25 3.75006\" stroke=\"#2B9CDA\" stroke-width=\"1.8\" stroke-linecap=\"round\" stroke-linejoin=\"round\"><\/path>\n<path d=\"M20.25 9.52205V3.75006H14.3834\" stroke=\"#2B9CDA\" stroke-width=\"1.8\" stroke-linecap=\"round\" stroke-linejoin=\"round\"><\/path>\n<path d=\"M12.0917 7.41632H4.39178C4.2216 7.41632 4.05839 7.48392 3.93806 7.60426C3.81773 7.72459 3.75012 7.8878 3.75012 8.05798V19.6078C3.75012 19.778 3.81773 19.9412 3.93806 20.0616C4.05839 20.1819 4.2216 20.2495 4.39178 20.2495H15.9416C16.1118 20.2495 16.275 20.1819 16.3954 20.0616C16.5157 19.9412 16.5833 19.778 16.5833 19.6078V11.9079\" stroke=\"#2B9CDA\" stroke-width=\"1.8\" stroke-linecap=\"round\" stroke-linejoin=\"round\"><\/path>\n<\/svg><\/a><\/div><\/div>\t\t\t\t\t\t<\/div>\n\t\t\t\t\t\t\t\t\t\t\n\t\t\t\t\t\t\t\t\t\t\t\t\t\t\t<div class=\"legal-accordion__item\">\n\t\t\t    \t\t<div class=\"legal-accordion__title text-large\"><div class=\"legal-accordion__title-container\"><a href=\"https:\/\/swat.io\/wp-content\/uploads\/2024\/09\/Teilnahmebedingungen-Social-Media-Umfrage.docx.pdf\" target=\"_blank\">Teilnahmebedingungen Social Media Umfrage<svg width=\"24\" height=\"24\" viewBox=\"0 0 24 24\" fill=\"none\" class=\"icon legal-accordion__icon svg\" role=\"img\" aria-hidden=\"true\">\n<path d=\"M9.98346 13.8501L20.25 3.75006\" stroke=\"#2B9CDA\" stroke-width=\"1.8\" stroke-linecap=\"round\" stroke-linejoin=\"round\"><\/path>\n<path d=\"M20.25 9.52205V3.75006H14.3834\" stroke=\"#2B9CDA\" stroke-width=\"1.8\" stroke-linecap=\"round\" stroke-linejoin=\"round\"><\/path>\n<path d=\"M12.0917 7.41632H4.39178C4.2216 7.41632 4.05839 7.48392 3.93806 7.60426C3.81773 7.72459 3.75012 7.8878 3.75012 8.05798V19.6078C3.75012 19.778 3.81773 19.9412 3.93806 20.0616C4.05839 20.1819 4.2216 20.2495 4.39178 20.2495H15.9416C16.1118 20.2495 16.275 20.1819 16.3954 20.0616C16.5157 19.9412 16.5833 19.778 16.5833 19.6078V11.9079\" stroke=\"#2B9CDA\" stroke-width=\"1.8\" stroke-linecap=\"round\" stroke-linejoin=\"round\"><\/path>\n<\/svg><\/a><\/div><\/div>\t\t\t\t\t\t<\/div>\n\t\t\t\t\t\t\t\t\t\t\n\t\t\t\t\t\t\t\t\t\t\t\t\t\t\t<div class=\"legal-accordion__item\">\n\t\t\t    \t\t<div class=\"legal-accordion__title text-large\"><div class=\"legal-accordion__title-container\"><a href=\"https:\/\/swat.io\/wp-content\/uploads\/2025\/02\/ISO27001_Swatio.pdf\" target=\"_blank\">ISO\/IEC 27001:2022 Zertifikat<svg width=\"24\" height=\"24\" viewBox=\"0 0 24 24\" fill=\"none\" class=\"icon legal-accordion__icon svg\" role=\"img\" aria-hidden=\"true\">\n<path d=\"M9.98346 13.8501L20.25 3.75006\" stroke=\"#2B9CDA\" stroke-width=\"1.8\" stroke-linecap=\"round\" stroke-linejoin=\"round\"><\/path>\n<path d=\"M20.25 9.52205V3.75006H14.3834\" stroke=\"#2B9CDA\" stroke-width=\"1.8\" stroke-linecap=\"round\" stroke-linejoin=\"round\"><\/path>\n<path d=\"M12.0917 7.41632H4.39178C4.2216 7.41632 4.05839 7.48392 3.93806 7.60426C3.81773 7.72459 3.75012 7.8878 3.75012 8.05798V19.6078C3.75012 19.778 3.81773 19.9412 3.93806 20.0616C4.05839 20.1819 4.2216 20.2495 4.39178 20.2495H15.9416C16.1118 20.2495 16.275 20.1819 16.3954 20.0616C16.5157 19.9412 16.5833 19.778 16.5833 19.6078V11.9079\" stroke=\"#2B9CDA\" stroke-width=\"1.8\" stroke-linecap=\"round\" stroke-linejoin=\"round\"><\/path>\n<\/svg><\/a><\/div><\/div>\t\t\t\t\t\t<\/div>\n\t\t\t\t\t\t\t\t\t\t\n\t\t\t\t\t\t\t\t\t\t\t\t\t\t\t<div class=\"legal-accordion__item\">\n\t\t\t    \t\t<div class=\"legal-accordion__title text-large\"><div class=\"legal-accordion__title-container\"><a href=\"https:\/\/swat.io\/wp-content\/uploads\/2025\/08\/Teilnahmebedingungen-Verlosung.pdf\" >Social Media Survey 2025 Gewinnspielrichtlinien<svg width=\"24\" height=\"24\" viewBox=\"0 0 24 24\" fill=\"none\" class=\"icon legal-accordion__icon svg\" role=\"img\" aria-hidden=\"true\">\n<path d=\"M9.98346 13.8501L20.25 3.75006\" stroke=\"#2B9CDA\" stroke-width=\"1.8\" stroke-linecap=\"round\" stroke-linejoin=\"round\"><\/path>\n<path d=\"M20.25 9.52205V3.75006H14.3834\" stroke=\"#2B9CDA\" stroke-width=\"1.8\" stroke-linecap=\"round\" stroke-linejoin=\"round\"><\/path>\n<path d=\"M12.0917 7.41632H4.39178C4.2216 7.41632 4.05839 7.48392 3.93806 7.60426C3.81773 7.72459 3.75012 7.8878 3.75012 8.05798V19.6078C3.75012 19.778 3.81773 19.9412 3.93806 20.0616C4.05839 20.1819 4.2216 20.2495 4.39178 20.2495H15.9416C16.1118 20.2495 16.275 20.1819 16.3954 20.0616C16.5157 19.9412 16.5833 19.778 16.5833 19.6078V11.9079\" stroke=\"#2B9CDA\" stroke-width=\"1.8\" stroke-linecap=\"round\" stroke-linejoin=\"round\"><\/path>\n<\/svg><\/a><\/div><\/div>\t\t\t\t\t\t<\/div>\n\t\t\t\t\t\t\t\t\t\t\n\t\t\t\t\t\t\t<\/div>\n\t\t\t\t\t<\/div>\n\t\t\t\t<\/div>\n\t\t\t\t<div class=\"form--no-border form--left margin-default form\" data-e-type=\"widget\">\n\t\t\t\t<div class=\"inner inner--narrow\">\n\t\t\t<div class=\"form__container\">\t\n\t\t\t\t<div class=\"form__wrapper \">\n\t\t\t\t\t<div class=\"form__inner\">\n\t\t\t\t\t\t\t\t\t\t\t\t\t\t\t\t\t\t<div class=\"form__text text\">\n\t\t\t\t\t\t\t<h2>Melde- und Abhilfeverfahren gem\u00e4\u00df\u00a0Artikel 16 Digital Services Act<\/a><\/h2><br>\nVerwenden Sie das nachfolgende Formular, um m\u00f6gliche rechtswidrige Inhalte auf der von Swat.io betriebenen Webseite zu melden.\n\t\t\t\t\t\t<\/div>\n\t\t\t\t\t\t\t\t\t\t\t\n\t\t\t\t\t\t\t\t\t\t\t\t<div class=\"form__form form-hubspot\">\n\t\t\t\t\t\t\t\t<div id=\"form-69e550c11c314\" class=\"hbspt-form\"><\/div>\n\t\t<script>\n\t\t\tvar swatio_forms_create_69e550c11c314 = function() {\n\t\t\t\thbspt.forms.create({\n\t\t\t\t\tportalId: \"7098362\",\n\t\t\t\t\tformId: \"ec1ceb0d-d5c3-4a10-9986-ebf7de59d8a0\",\n\t\t\t\t\tsubmitButtonClass: \"button-dark\",\n\t\t\t\t\tlocale: \"de\",\n\t\t\t\t\t\t\t\t\t\tonFormReady: function(form) {\n\t\t\t\t\t\tvar footer = form[0].querySelector(\".hs-form__footer\");\n\t\t\t\t\t\tif(footer){\n\t\t\t\t\t\t\tform[0].querySelector(\".hs-submit\").after(form[0].querySelector(\".hs-form__footer\").parentElement.parentElement);\n\t\t\t\t\t\t}\n\t\t\t\t\t\tvar privacyText = null;\n\t\t\t\t\t\t\n\t\t\t\t\t\t\t\t\t\t\t\t\n\t\t\t\t\t\twindow.SwatioHubspotForms.privacyToggle(form, privacyText);\n\t\t\t\t\t\twindow.SwatioHubspotForms.autofill(form);\t\t\t\t\t},\n\t\t\t\t\ttarget: \"#form-69e550c11c314\"\n\t\t\t\t});\n\t\t\t\t\n\t\t\t\twindow.removeEventListener(\"swatio_forms_loaded\", swatio_forms_create_69e550c11c314);\n\t\t\t};\n\t\t\t\n\t\t\twindow.addEventListener(\"swatio_forms_loaded\", swatio_forms_create_69e550c11c314);\n\t\t\t \n\t\t\tif (window.hbspt !== undefined) {\n\t\t\t\twindow.dispatchEvent(new CustomEvent(\"swatio_forms_loaded\"));\n\t\t\t}\n\t\t\t\t\t<\/script>\n\t\t\t\t\t\t\t\t<\/div>\n\t\t\t\t\t\t\t\t\t\t\t<\/div>\n\t\t\t\t<\/div>\n\t\t\t<\/div>\n\t\t<\/div>\n\t\t\t\t<\/div>\n\t\t\t\t<div class=\"body--default margin-default body\" data-e-type=\"widget\">\n\t\t\t\t<div class=\"body__container inner inner--narrow\">\n\t\t\t<div class=\"body__wrapper\">\n\t\t\t\t<h2 class=\"body__title headline\"><br><\/h2>\t\t\t\t\t\t\t\t<div class=\"body__text text text-rich\">\n\t\t\t\t\t<h2>Alle Cookie Informationen<\/h2>\n<p><button class=\"button button--primary borlabs-cookie-open-dialog-preferences\" data-borlabs-cookie-title=\"Informationen anzeigen\">Informationen anzeigen<\/button><\/p>\n<h2>Cookie Auswahl anpassen<\/h2>\n<p><button class=\"button button--primary borlabs-cookie-open-dialog-preferences\" data-borlabs-cookie-title=\"Auswahl anpassen\">Auswahl anpassen<\/button><\/p>\n\t\t\t\t<\/div>\n\t\t\t\t\t\t\t\t\n\t\t\t\t\t\t\t<\/div>\n\t\t<\/div>\n\t\t\t\t<\/div>\n\t\t\t\t<div class=\"elementor-hidden-desktop elementor-hidden-tablet elementor-hidden-mobile body--default margin-default body\" data-e-type=\"widget\">\n\t\t\t\t<div class=\"body__container inner inner--narrow\">\n\t\t\t<div class=\"body__wrapper\">\n\t\t\t\t<h2 class=\"body__title headline\"><br><\/h2>\t\t\t\t\t\t\t\t<div class=\"body__text text text-rich\">\n\t\t\t\t\t<p>Unsere <a href=\"https:\/\/swat.io\/de\/privacy-policy\/\" target=\"_blank\" rel=\"noopener\">Privacy Policy<\/a> und die <a href=\"https:\/\/swat.io\/de\/terms\/\" target=\"_blank\" rel=\"noopener\">Allgemeinen Gesch\u00e4ftsbedingungen<\/a> finden Sie auch unter diesen Links.<\/p>\n\t\t\t\t<\/div>\n\t\t\t\t\t\t\t\t\n\t\t\t\t\t\t\t<\/div>\n\t\t<\/div>\n\t\t\t\t<\/div>\n\t\t\t\t\t<\/div>\n\t\t<\/div>\n\t\t\t\t\t<\/div>\n\t\t<\/section>\n\t\t\t\t<\/div>\n\t\t","protected":false},"excerpt":{"rendered":"<p>Rechtliche Hinweise Herzlich willkommen bei Swat.io! Im Folgenden finden Sie wichtige rechtliche Hinweise \u00fcbersichtlich in pdf-Form. Datenschutzerkl\u00e4rung f\u00fcr Website Besucher:innen\u2026<\/p>\n","protected":false},"author":59,"featured_media":32356,"parent":0,"menu_order":902,"comment_status":"closed","ping_status":"closed","template":"","meta":{"footnotes":""},"class_list":["entry","entry--page"],"_links":{"self":[{"href":"https:\/\/swat.io\/de\/wp-json\/wp\/v2\/pages\/32693","targetHints":{"allow":["GET"]}}],"collection":[{"href":"https:\/\/swat.io\/de\/wp-json\/wp\/v2\/pages"}],"about":[{"href":"https:\/\/swat.io\/de\/wp-json\/wp\/v2\/types\/page"}],"author":[{"embeddable":true,"href":"https:\/\/swat.io\/de\/wp-json\/wp\/v2\/users\/59"}],"replies":[{"embeddable":true,"href":"https:\/\/swat.io\/de\/wp-json\/wp\/v2\/comments?post=32693"}],"version-history":[{"count":246,"href":"https:\/\/swat.io\/de\/wp-json\/wp\/v2\/pages\/32693\/revisions"}],"predecessor-version":[{"id":56433,"href":"https:\/\/swat.io\/de\/wp-json\/wp\/v2\/pages\/32693\/revisions\/56433"}],"wp:featuredmedia":[{"embeddable":true,"href":"https:\/\/swat.io\/de\/wp-json\/wp\/v2\/media\/32356"}],"wp:attachment":[{"href":"https:\/\/swat.io\/de\/wp-json\/wp\/v2\/media?parent=32693"}],"curies":[{"name":"wp","href":"https:\/\/api.w.org\/{rel}","templated":true}]}}