{"id":33836,"date":"2021-12-16T13:02:28","date_gmt":"2021-12-16T11:02:28","guid":{"rendered":"https:\/\/swat.io\/?page_id=33836"},"modified":"2026-02-10T11:47:02","modified_gmt":"2026-02-10T09:47:02","slug":"presse","status":"publish","type":"page","link":"https:\/\/swat.io\/de\/presse\/","title":{"rendered":"Presse"},"content":{"rendered":"\t\t<div data-elementor-type=\"wp-post\" data-elementor-id=\"33836\" class=\"elementor elementor-33836 elementor-14228\" data-elementor-post-type=\"page\">\n\t\t\t\t\t\t<section class=\"\" data-e-type=\"section\">\n\t\t\t\t\t\t<div class=\"elementor-container elementor-column-gap-default\">\n\t\t\t\t\t<div class=\"\" data-e-type=\"column\">\n\t\t\t<div class=\"elementor-widget-wrap elementor-element-populated\">\n\t\t\t\t\t\t<div class=\"header--media-right margin-default mark-default header\" data-e-type=\"widget\">\n\t\t\t\t\t\t\n\t\t<div class=\"header__container inner inner--narrow   \">\n\t\t\t<div class=\"header__body\">\t\t\t\t\t\t<div class=\"header__emoji\"><img loading=\"lazy\" decoding=\"async\" class=\"emojione\" alt=\"&#x1f5de;\" title=\":newspaper2:\" src=\"https:\/\/swat.io\/wp-content\/themes\/swatio\/img\/emoji\/static\/1f5de.svg\" width=\"32\"  height=\"32\" loading=\"lazy\"\/><\/div>\t\t\t\t\t\t<h1 class=\"header__title headline can-mark\">Presse und Medien<\/h1>\t\t\t\t\t\t<div class=\"header__text text-rich text-large text-minimal \">\n\t\t\t\tF\u00fcr Berichterstattung rund um Swat.io bieten wir auf dieser Seite ein Presse-Kit, unser Logo, Bilder unseres Teams und umfangreiche Produkt-Informationen zum Download an.\t\t\t<\/div>\n\t\t\t\t\t\t\n\t\t\t<\/div>\t\t\t<div class=\"header__media\">\t\t\t\t<div class=\"media__item media media-border  media-border--right  media-border--blue\">\n\t\t\t\t\t\t\t\t\t\t<img fetchpriority=\"high\" decoding=\"async\" width=\"1080\" height=\"719\" src=\"https:\/\/swat.io\/wp-content\/uploads\/2024\/05\/header-press-page-1080x719.jpg\" class=\"media-border__item image-element\" alt=\"\" srcset=\"https:\/\/swat.io\/wp-content\/uploads\/2024\/05\/header-press-page-1080x719.jpg 1080w, https:\/\/swat.io\/wp-content\/uploads\/2024\/05\/header-press-page-750x499.jpg 750w, https:\/\/swat.io\/wp-content\/uploads\/2024\/05\/header-press-page-1536x1022.jpg 1536w, https:\/\/swat.io\/wp-content\/uploads\/2024\/05\/header-press-page-2048x1362.jpg 2048w, https:\/\/swat.io\/wp-content\/uploads\/2024\/05\/header-press-page-640x426.jpg 640w, https:\/\/swat.io\/wp-content\/uploads\/2024\/05\/header-press-page-300x200.jpg 300w\" sizes=\"(max-width: 1080px) 100vw, 1080px\" \/>\t\t\t\t\t<\/a>\t\t\t\t<\/div>\n\t\t\t\t<\/div>\t\t\t<div class=\"header__buttons\">\t\t\t\t<a class=\"header__button button button--tertiary button--large button--with-icon\" href=\"https:\/\/swat.io\/de\/unternehmen\/\" >Mehr \u00fcber Swat.io <svg version=\"1.1\" x=\"0px\" y=\"0px\" viewBox=\"0 0 24 24\" style=\"enable-background:new 0 0 24 24;\" space=\"preserve\" class=\"icon button__icon svg\" width=\"24\" height=\"24\" role=\"img\" aria-hidden=\"true\">\n<title>cursor<\/title>\n<g>\n\t<path d=\"M18.687,21.088c-0.401,0-0.777-0.155-1.059-0.436l-3.183-3.184l-2.917,2.917c-0.14,0.141-0.305,0.251-0.49,0.327   c-0.182,0.075-0.374,0.113-0.57,0.113c-0.61,0-1.155-0.365-1.388-0.928L2.769,4.569c-0.151-0.368-0.151-0.774,0-1.142   c0.232-0.564,0.777-0.929,1.388-0.929c0.196,0,0.388,0.038,0.57,0.113l15.326,6.311c0.184,0.076,0.348,0.185,0.489,0.326   c0.283,0.284,0.439,0.66,0.439,1.062c0,0.401-0.156,0.778-0.439,1.061l-2.917,2.917l3.182,3.182c0.585,0.585,0.585,1.537,0,2.122   l-1.06,1.061C19.464,20.933,19.088,21.088,18.687,21.088z M14.445,15.657c0.2,0,0.389,0.078,0.53,0.22l3.712,3.713l1.06-1.061   l-3.712-3.713c-0.14-0.14-0.22-0.333-0.22-0.53s0.08-0.391,0.22-0.53l3.447-3.447L4.156,3.998l6.311,15.327l3.447-3.448   C14.054,15.737,14.247,15.657,14.445,15.657z\"><\/path>\n<\/g>\n<\/svg><\/a>\t\t\t\t\t\t\t\n\t\t\t\t\t\t\t\t\t\t<a class=\"header__button button button--primary button--large \" href=\"https:\/\/swat.io\/wp-content\/uploads\/2025\/01\/Swat.io-Presse-Kit-DE.zip\" >Jetzt Presse-Kit herunterladen<\/a>\t\t\t\t\t\t\t\n\t\t<\/div>\t\t\t\n\t\t\t\t\t\t\t\t<\/div>\n\t\t\t\t<\/div>\n\t\t\t\t\t<\/div>\n\t\t<\/div>\n\t\t\t\t\t<\/div>\n\t\t<\/section>\n\t\t\t\t<section class=\"\" data-e-type=\"section\">\n\t\t\t\t\t\t<div class=\"elementor-container elementor-column-gap-default\">\n\t\t\t\t\t<div class=\"\" data-e-type=\"column\">\n\t\t\t<div class=\"elementor-widget-wrap elementor-element-populated\">\n\t\t\t\t\t\t<div class=\"content--image-left content--default margin-default mark-default content\" data-e-type=\"widget\">\n\t\t\t\t<div class=\"content__container inner inner--narrow\">\n\t\t\t<div class=\"content__wrapper\">\n\t\t\t\t<div class=\"content__body\">\n\t\t\t\t\t\t\n\t\t\t\t\t\t\n\t\t\t\t\t<h2 class=\"content__title headline can-mark\">Swat.io Logo<\/h2>\t\t\t\t\t\t\t\t\t\t<div class=\"content__text text-large text-rich\">\n\t\t\t\t\t\t<p>Unser Logo-Kit mit allen verf\u00fcgbaren Varianten kann hier heruntergeladen werden.<\/p>\n\t\t\t\t\t<\/div>\n\t\t\t\t\t\t\t\t\t\t<div class=\"content__buttons\">\t\t\t\t\t\t\t<a class=\"content__button button button--primary button--large button--with-icon\" href=\"https:\/\/swat.io\/wp-content\/uploads\/2025\/01\/Swat.io-Logo-Kit.zip\" >Jetzt herunterladen <svg version=\"1.1\" x=\"0px\" y=\"0px\" viewBox=\"0 0 24 24\" style=\"enable-background:new 0 0 24 24;\" space=\"preserve\" class=\"icon button__icon svg\" width=\"24\" height=\"24\" role=\"img\" aria-hidden=\"true\">\n<title>floppy-disk<\/title>\n<g>\n\t<path d=\"M2.25,24C1.009,24,0,22.991,0,21.75V7.243C0,6.241,0.39,5.3,1.099,4.592L4.59,1.099C5.299,0.39,6.241,0,7.243,0H21.75   C22.991,0,24,1.009,24,2.25v19.5c0,1.241-1.009,2.25-2.25,2.25H2.25z M21.75,22.5c0.414,0,0.75-0.336,0.75-0.75V2.25   c0-0.414-0.336-0.75-0.75-0.75H19.5v5.25C19.5,7.991,18.491,9,17.25,9h-7.5C8.509,9,7.5,7.991,7.5,6.75V1.5H7.243   c-0.601,0-1.167,0.234-1.592,0.659L2.16,5.652C1.734,6.077,1.5,6.642,1.5,7.243V21.75c0,0.414,0.336,0.75,0.75,0.75H4.5v-8.25   C4.5,13.009,5.509,12,6.75,12h10.5c1.241,0,2.25,1.009,2.25,2.25v8.25H21.75z M18,22.5v-8.25c0-0.414-0.336-0.75-0.75-0.75H6.75   C6.336,13.5,6,13.836,6,14.25v8.25H18z M9,6.75C9,7.164,9.336,7.5,9.75,7.5h7.5C17.664,7.5,18,7.164,18,6.75V1.5H9V6.75z\"><\/path>\n\t<path d=\"M15.75,6C15.336,6,15,5.664,15,5.25v-1.5C15,3.336,15.336,3,15.75,3s0.75,0.336,0.75,0.75v1.5C16.5,5.664,16.164,6,15.75,6   z\"><\/path>\n\t<path d=\"M8.25,16.5c-0.414,0-0.75-0.336-0.75-0.75S7.836,15,8.25,15h4.5c0.414,0,0.75,0.336,0.75,0.75s-0.336,0.75-0.75,0.75H8.25z   \"><\/path>\n\t<path d=\"M8.25,19.5c-0.414,0-0.75-0.336-0.75-0.75S7.836,18,8.25,18h7.5c0.414,0,0.75,0.336,0.75,0.75s-0.336,0.75-0.75,0.75H8.25z   \"><\/path>\n<\/g>\n<\/svg><\/a>\t\t\t\t\t\t\t\n\t\t<\/div>\t\t\t\t\t\t\t\t\t\t\t\n\t\t\t\t<\/div>\n\t\t\t\t<div class=\"content__media\">\t\t\t\t<div class=\"media__item media media-border  media-border--right  media-border--purple\">\n\t\t\t\t\t\t\t\t\t\t<img decoding=\"async\" width=\"1080\" height=\"718\" src=\"https:\/\/swat.io\/wp-content\/uploads\/2021\/12\/Swat.io-Logo-Photoshoot-1080x718.jpg\" class=\"media-border__item image-element\" alt=\"Swat.io Logo: Photoshoot\" srcset=\"https:\/\/swat.io\/wp-content\/uploads\/2021\/12\/Swat.io-Logo-Photoshoot-1080x718.jpg 1080w, https:\/\/swat.io\/wp-content\/uploads\/2021\/12\/Swat.io-Logo-Photoshoot-750x499.jpg 750w, https:\/\/swat.io\/wp-content\/uploads\/2021\/12\/Swat.io-Logo-Photoshoot-1536x1022.jpg 1536w, https:\/\/swat.io\/wp-content\/uploads\/2021\/12\/Swat.io-Logo-Photoshoot-640x426.jpg 640w, https:\/\/swat.io\/wp-content\/uploads\/2021\/12\/Swat.io-Logo-Photoshoot-300x200.jpg 300w, https:\/\/swat.io\/wp-content\/uploads\/2021\/12\/Swat.io-Logo-Photoshoot.jpg 2048w\" sizes=\"(max-width: 1080px) 100vw, 1080px\" \/>\t\t\t\t\t<\/a>\t\t\t\t<\/div>\n\t\t\t\t<\/div>\t\t\t<\/div>\n\n\t\t<\/div>\n\t\t\t\t<\/div>\n\t\t\t\t\t<\/div>\n\t\t<\/div>\n\t\t\t\t\t<\/div>\n\t\t<\/section>\n\t\t\t\t<section class=\"\" data-e-type=\"section\">\n\t\t\t\t\t\t<div class=\"elementor-container elementor-column-gap-default\">\n\t\t\t\t\t<div class=\"\" data-e-type=\"column\">\n\t\t\t<div class=\"elementor-widget-wrap elementor-element-populated\">\n\t\t\t\t\t\t<div class=\"content--image-right content--default margin-default mark-default content\" data-e-type=\"widget\">\n\t\t\t\t<div class=\"content__container inner inner--narrow\">\n\t\t\t<div class=\"content__wrapper\">\n\t\t\t\t<div class=\"content__body\">\n\t\t\t\t\t\t\n\t\t\t\t\t\t\n\t\t\t\t\t<h2 class=\"content__title headline can-mark\">Pressefotos<\/h2>\t\t\t\t\t\t\t\t\t\t<div class=\"content__text text-large text-rich\">\n\t\t\t\t\t\t<p>Fotos unseres Management-Teams f\u00fcr die redaktionelle Berichterstattung stehen hier zum Download bereit. Als Quellenangabe ist bei allen Bildern \"\u00a9 Daniel Willinger\" zu nennen.<\/p>\n\t\t\t\t\t<\/div>\n\t\t\t\t\t\t\t\t\t\t<div class=\"content__buttons\">\t\t\t\t\t\t\t<a class=\"content__button button button--primary button--large button--with-icon\" href=\"https:\/\/swat.io\/wp-content\/uploads\/2025\/01\/Swat.io-Pressefotos.zip\" >Jetzt herunterladen <svg version=\"1.1\" x=\"0px\" y=\"0px\" viewBox=\"0 0 24 24\" style=\"enable-background:new 0 0 24 24;\" space=\"preserve\" class=\"icon button__icon svg\" width=\"24\" height=\"24\" role=\"img\" aria-hidden=\"true\">\n<title>floppy-disk<\/title>\n<g>\n\t<path d=\"M2.25,24C1.009,24,0,22.991,0,21.75V7.243C0,6.241,0.39,5.3,1.099,4.592L4.59,1.099C5.299,0.39,6.241,0,7.243,0H21.75   C22.991,0,24,1.009,24,2.25v19.5c0,1.241-1.009,2.25-2.25,2.25H2.25z M21.75,22.5c0.414,0,0.75-0.336,0.75-0.75V2.25   c0-0.414-0.336-0.75-0.75-0.75H19.5v5.25C19.5,7.991,18.491,9,17.25,9h-7.5C8.509,9,7.5,7.991,7.5,6.75V1.5H7.243   c-0.601,0-1.167,0.234-1.592,0.659L2.16,5.652C1.734,6.077,1.5,6.642,1.5,7.243V21.75c0,0.414,0.336,0.75,0.75,0.75H4.5v-8.25   C4.5,13.009,5.509,12,6.75,12h10.5c1.241,0,2.25,1.009,2.25,2.25v8.25H21.75z M18,22.5v-8.25c0-0.414-0.336-0.75-0.75-0.75H6.75   C6.336,13.5,6,13.836,6,14.25v8.25H18z M9,6.75C9,7.164,9.336,7.5,9.75,7.5h7.5C17.664,7.5,18,7.164,18,6.75V1.5H9V6.75z\"><\/path>\n\t<path d=\"M15.75,6C15.336,6,15,5.664,15,5.25v-1.5C15,3.336,15.336,3,15.75,3s0.75,0.336,0.75,0.75v1.5C16.5,5.664,16.164,6,15.75,6   z\"><\/path>\n\t<path d=\"M8.25,16.5c-0.414,0-0.75-0.336-0.75-0.75S7.836,15,8.25,15h4.5c0.414,0,0.75,0.336,0.75,0.75s-0.336,0.75-0.75,0.75H8.25z   \"><\/path>\n\t<path d=\"M8.25,19.5c-0.414,0-0.75-0.336-0.75-0.75S7.836,18,8.25,18h7.5c0.414,0,0.75,0.336,0.75,0.75s-0.336,0.75-0.75,0.75H8.25z   \"><\/path>\n<\/g>\n<\/svg><\/a>\t\t\t\t\t\t\t\n\t\t<\/div>\t\t\t\t\t\t\t\t\t\t\t\n\t\t\t\t<\/div>\n\t\t\t\t<div class=\"content__media\">\t\t\t\t<div class=\"media__item media media-border  media-border--right  media-border--green\">\n\t\t\t\t\t\t\t\t\t\t<img decoding=\"async\" width=\"1080\" height=\"719\" src=\"https:\/\/swat.io\/wp-content\/uploads\/2021\/11\/Swat.io-Office-Atrium-1080x719.jpg\" class=\"media-border__item image-element\" alt=\"Swat.io Office: Atrium\" srcset=\"https:\/\/swat.io\/wp-content\/uploads\/2021\/11\/Swat.io-Office-Atrium-1080x719.jpg 1080w, https:\/\/swat.io\/wp-content\/uploads\/2021\/11\/Swat.io-Office-Atrium-750x499.jpg 750w, https:\/\/swat.io\/wp-content\/uploads\/2021\/11\/Swat.io-Office-Atrium-1536x1022.jpg 1536w, https:\/\/swat.io\/wp-content\/uploads\/2021\/11\/Swat.io-Office-Atrium-640x426.jpg 640w, https:\/\/swat.io\/wp-content\/uploads\/2021\/11\/Swat.io-Office-Atrium-300x200.jpg 300w, https:\/\/swat.io\/wp-content\/uploads\/2021\/11\/Swat.io-Office-Atrium.jpg 2048w\" sizes=\"(max-width: 1080px) 100vw, 1080px\" \/>\t\t\t\t\t<\/a>\t\t\t\t<\/div>\n\t\t\t\t<\/div>\t\t\t<\/div>\n\n\t\t<\/div>\n\t\t\t\t<\/div>\n\t\t\t\t<div class=\"content--image-left content--default margin-default mark-default content\" data-e-type=\"widget\">\n\t\t\t\t<div class=\"content__container inner inner--narrow\">\n\t\t\t<div class=\"content__wrapper\">\n\t\t\t\t<div class=\"content__body\">\n\t\t\t\t\t\t\n\t\t\t\t\t\t\n\t\t\t\t\t<h2 class=\"content__title headline can-mark\">Brand Package<\/h2>\t\t\t\t\t\t\t\t\t\t<div class=\"content__text text-large text-rich\">\n\t\t\t\t\t\t<p>Alle Unterlagen zur Marke Swat.io und unserem Produkt: In diesem Download sind Logos, Partner Badges, Produktinformationen und Produkt-Screenshots zu finden.<\/p>\n\t\t\t\t\t<\/div>\n\t\t\t\t\t\t\t\t\t\t<div class=\"content__buttons\">\t\t\t\t\t\t\t<a class=\"content__button button button--primary button--large button--with-icon\" href=\"https:\/\/swat.io\/wp-content\/uploads\/2025\/01\/Brand-Package-2025.zip\" >Jetzt herunterladen <svg version=\"1.1\" x=\"0px\" y=\"0px\" viewBox=\"0 0 24 24\" style=\"enable-background:new 0 0 24 24;\" space=\"preserve\" class=\"icon button__icon svg\" width=\"24\" height=\"24\" role=\"img\" aria-hidden=\"true\">\n<title>floppy-disk<\/title>\n<g>\n\t<path d=\"M2.25,24C1.009,24,0,22.991,0,21.75V7.243C0,6.241,0.39,5.3,1.099,4.592L4.59,1.099C5.299,0.39,6.241,0,7.243,0H21.75   C22.991,0,24,1.009,24,2.25v19.5c0,1.241-1.009,2.25-2.25,2.25H2.25z M21.75,22.5c0.414,0,0.75-0.336,0.75-0.75V2.25   c0-0.414-0.336-0.75-0.75-0.75H19.5v5.25C19.5,7.991,18.491,9,17.25,9h-7.5C8.509,9,7.5,7.991,7.5,6.75V1.5H7.243   c-0.601,0-1.167,0.234-1.592,0.659L2.16,5.652C1.734,6.077,1.5,6.642,1.5,7.243V21.75c0,0.414,0.336,0.75,0.75,0.75H4.5v-8.25   C4.5,13.009,5.509,12,6.75,12h10.5c1.241,0,2.25,1.009,2.25,2.25v8.25H21.75z M18,22.5v-8.25c0-0.414-0.336-0.75-0.75-0.75H6.75   C6.336,13.5,6,13.836,6,14.25v8.25H18z M9,6.75C9,7.164,9.336,7.5,9.75,7.5h7.5C17.664,7.5,18,7.164,18,6.75V1.5H9V6.75z\"><\/path>\n\t<path d=\"M15.75,6C15.336,6,15,5.664,15,5.25v-1.5C15,3.336,15.336,3,15.75,3s0.75,0.336,0.75,0.75v1.5C16.5,5.664,16.164,6,15.75,6   z\"><\/path>\n\t<path d=\"M8.25,16.5c-0.414,0-0.75-0.336-0.75-0.75S7.836,15,8.25,15h4.5c0.414,0,0.75,0.336,0.75,0.75s-0.336,0.75-0.75,0.75H8.25z   \"><\/path>\n\t<path d=\"M8.25,19.5c-0.414,0-0.75-0.336-0.75-0.75S7.836,18,8.25,18h7.5c0.414,0,0.75,0.336,0.75,0.75s-0.336,0.75-0.75,0.75H8.25z   \"><\/path>\n<\/g>\n<\/svg><\/a>\t\t\t\t\t\t\t\n\t\t<\/div>\t\t\t\t\t\t\t\t\t\t\t\n\t\t\t\t<\/div>\n\t\t\t\t<div class=\"content__media\">\t\t\t\t<div class=\"media__item media media-border  media-border--right  media-border--blue\">\n\t\t\t\t\t\t\t\t\t\t<img loading=\"lazy\" decoding=\"async\" width=\"1080\" height=\"719\" src=\"https:\/\/swat.io\/wp-content\/uploads\/2022\/02\/platzhalter-wuerfel-1-landscape-1080x719.jpg\" class=\"media-border__item image-element\" alt=\"\" srcset=\"https:\/\/swat.io\/wp-content\/uploads\/2022\/02\/platzhalter-wuerfel-1-landscape-1080x719.jpg 1080w, https:\/\/swat.io\/wp-content\/uploads\/2022\/02\/platzhalter-wuerfel-1-landscape-750x499.jpg 750w, https:\/\/swat.io\/wp-content\/uploads\/2022\/02\/platzhalter-wuerfel-1-landscape-1536x1022.jpg 1536w, https:\/\/swat.io\/wp-content\/uploads\/2022\/02\/platzhalter-wuerfel-1-landscape-2048x1363.jpg 2048w, https:\/\/swat.io\/wp-content\/uploads\/2022\/02\/platzhalter-wuerfel-1-landscape-640x426.jpg 640w, https:\/\/swat.io\/wp-content\/uploads\/2022\/02\/platzhalter-wuerfel-1-landscape-300x200.jpg 300w\" sizes=\"(max-width: 1080px) 100vw, 1080px\" \/>\t\t\t\t\t<\/a>\t\t\t\t<\/div>\n\t\t\t\t<\/div>\t\t\t<\/div>\n\n\t\t<\/div>\n\t\t\t\t<\/div>\n\t\t\t\t\t<\/div>\n\t\t<\/div>\n\t\t\t\t\t<\/div>\n\t\t<\/section>\n\t\t\t\t<section class=\"\" data-e-type=\"section\">\n\t\t\t\t\t\t<div class=\"elementor-container elementor-column-gap-default\">\n\t\t\t\t\t<div class=\"\" data-e-type=\"column\">\n\t\t\t<div class=\"elementor-widget-wrap elementor-element-populated\">\n\t\t\t\t\t\t<div class=\"color--blue testimonial--image-right color--default margin-default testimonial\" data-e-type=\"widget\">\n\t\t\t\t<div class=\"testimonial__container inner inner--narrow \">\n\t\t\t<div class=\"testimonial__body has-image\">\n\t\t\t\t<div class=\"testimonial__content\">\n\t\t\t\t\t\t\t\t\t\t<div class=\"testimonial__header\">\n\t\t\t\t\t\t<h2 class=\"testimonial__title headline-small \">R\u00fcckfragen und Kontakt<\/h2>\t\t\t\t\t\t\t\t\t\t\t\t\t\t\t\t\t\t<div class=\"testimonial__text text-large\">\n\t\t\t\t\t\t\tF\u00fcr s\u00e4mtliche Anfragen steht das Swat.io Presse-Team zur Verf\u00fcgung.\t\t\t\t\t\t<\/div>\n\t\t\t\t\t\t\t\t\t\t\t<\/div>\n\t\t\t\t\t<div class=\"testimonial__buttons\">\t\t\t\t<a class=\"testimonial__button button button--tertiary button--large \" href=\"https:\/\/swat.io\/wp-content\/uploads\/2025\/01\/Swat.io-Presse-Kit-DE.zip\" >Presse-Kit downloaden<\/a>\t\t\t\t\t\t\t\n\t\t\t\t\t\t\t\t\t\t<a class=\"testimonial__button button button--primary button--large \" href=\"mailto:press@swat.io\" >Jetzt E-Mail senden<\/a>\t\t\t\t\t\t\t\n\t\t<\/div>\t\t\t\t<\/div>\n\t\t\t\t\t\t\t\t<div class=\"testimonial__cover\">\n\t\t\t\t\t<img loading=\"lazy\" decoding=\"async\" width=\"1080\" height=\"1624\" src=\"https:\/\/swat.io\/wp-content\/uploads\/2021\/11\/Swat.io-Office-1080x1624.jpg\" class=\"testimonial__image image-element\" alt=\"Swat.io Office\" srcset=\"https:\/\/swat.io\/wp-content\/uploads\/2021\/11\/Swat.io-Office-1080x1624.jpg 1080w, https:\/\/swat.io\/wp-content\/uploads\/2021\/11\/Swat.io-Office-499x750.jpg 499w, https:\/\/swat.io\/wp-content\/uploads\/2021\/11\/Swat.io-Office-718x1080.jpg 718w, https:\/\/swat.io\/wp-content\/uploads\/2021\/11\/Swat.io-Office-1022x1536.jpg 1022w, https:\/\/swat.io\/wp-content\/uploads\/2021\/11\/Swat.io-Office-640x962.jpg 640w, https:\/\/swat.io\/wp-content\/uploads\/2021\/11\/Swat.io-Office-300x451.jpg 300w, https:\/\/swat.io\/wp-content\/uploads\/2021\/11\/Swat.io-Office.jpg 1362w\" sizes=\"(max-width: 1080px) 100vw, 1080px\" \/>\t\t\t\t<\/div>\n\t\t\t\t\t\t\t<\/div>\n\t\t\t\t\t<\/div>\n\t\t\t\t<\/div>\n\t\t\t\t\t<\/div>\n\t\t<\/div>\n\t\t\t\t\t<\/div>\n\t\t<\/section>\n\t\t\t\t<section class=\"\" data-e-type=\"section\">\n\t\t\t\t\t\t<div class=\"elementor-container elementor-column-gap-default\">\n\t\t\t\t\t<div class=\"\" data-e-type=\"column\">\n\t\t\t<div class=\"elementor-widget-wrap elementor-element-populated\">\n\t\t\t\t\t\t<div class=\"newsletter--color-default margin-default elementor-widget elementor-widget-global elementor-global-25179 elementor-widget-newsletter\" data-e-type=\"widget\" data-widget_type=\"newsletter.default\">\n\t\t\t\t<div class=\"newsletter__container inner  inner--sticker\">\n\t\t\t<div class=\"newsletter__wrapper\">\n\t\t\t\t<h2 class=\"newsletter__title headline\">Social Media Tipps frisch in deine Inbox<\/h2>\n\t\t\t\t\t\t\t\t<div class=\"newsletter__text text\">\n\t\t\t\t\tAbonniere jetzt unseren Social Media Newsletter! \u00dcber 12.000 Social Media Professionals und Marketing Manager:innen erhalten bereits unsere w\u00f6chentlichen Tipps und Updates.\t\t\t\t<\/div>\n\t\t\t\t\t\n\t\t\t\t\t\t\t\t\t<div class=\"newsletter__form form-hubspot\">\n\t\t\t\t\t\t\t<div id=\"form-69e4995727a5c\" class=\"hbspt-form\"><\/div>\n\t\t<script>\n\t\t\tvar swatio_forms_create_69e4995727a5c = function() {\n\t\t\t\thbspt.forms.create({\n\t\t\t\t\tportalId: \"7098362\",\n\t\t\t\t\tformId: \"d0d4b858-f8e4-47b7-92a9-d0810efc1901\",\n\t\t\t\t\tsubmitButtonClass: \"button-dark\",\n\t\t\t\t\tlocale: \"de\",\n\t\t\t\t\t\t\t\t\t\tonFormReady: function(form) {\n\t\t\t\t\t\tvar footer = form[0].querySelector(\".hs-form__footer\");\n\t\t\t\t\t\tif(footer){\n\t\t\t\t\t\t\tform[0].querySelector(\".hs-submit\").after(form[0].querySelector(\".hs-form__footer\").parentElement.parentElement);\n\t\t\t\t\t\t}\n\t\t\t\t\t\tvar privacyText = null;\n\t\t\t\t\t\t\n\t\t\t\t\t\t\t\t\t\t\t\t\n\t\t\t\t\t\twindow.SwatioHubspotForms.privacyToggle(form, privacyText);\n\t\t\t\t\t\twindow.SwatioHubspotForms.autofill(form);\t\t\t\t\t},\n\t\t\t\t\ttarget: \"#form-69e4995727a5c\"\n\t\t\t\t});\n\t\t\t\t\n\t\t\t\twindow.removeEventListener(\"swatio_forms_loaded\", swatio_forms_create_69e4995727a5c);\n\t\t\t};\n\t\t\t\n\t\t\twindow.addEventListener(\"swatio_forms_loaded\", swatio_forms_create_69e4995727a5c);\n\t\t\t \n\t\t\tif (window.hbspt !== undefined) {\n\t\t\t\twindow.dispatchEvent(new CustomEvent(\"swatio_forms_loaded\"));\n\t\t\t}\n\t\t\t\t\t<\/script>\n\t\t\t\t\t\t\t<\/div>\n\t\t\t\t\t\t\t<\/div>\n\t\t\t\t\t<span class=\"sticker sticker--sticker sticker--position sticker--ne sticker--text sticker--0 sticker--pentagon sticker--green\" style=\"--r: 14deg\" aria-hidden=\"true\">\n\t\t\t\t\t\t\tTools, Tipps und Tricks\t\t\t\t\t\t\t\t<svg xmlns=\"http:\/\/www.w3.org\/2000\/svg\" width=\"143\" height=\"138\" viewBox=\"0 0 143 138\" class=\"sticker__badge\"><path d=\"M76.7900673,2.84345885 L138.965756,48.0167411 C142.120143,50.3085371 143.440066,54.370843 142.235198,58.079047 L118.486198,131.170953 C117.281329,134.879157 113.825725,137.3898 109.926689,137.3898 L33.073311,137.3898 C29.1742746,137.3898 25.7186708,134.879157 24.5138023,131.170953 L0.764802398,58.079047 C-0.440066097,54.370843 0.879857101,50.3085371 4.03424377,48.0167411 L66.2099327,2.84345885 C69.3643194,0.551662781 73.6356806,0.551662781 76.7900673,2.84345885 Z\"\/><\/svg>\n\t\t\t\t\t\t\t\t\n\t\t\t\t\t\t\t\t\t\t\t\t<\/span>\n\t\t\t\t<span class=\"sticker sticker--sticker sticker--position sticker--se sticker--text sticker--1 sticker--pill sticker--orange-light\" style=\"--x: -5px; --r: 8deg\" aria-hidden=\"true\">\n\t\t\t\t\t\t\tJetzt anmelden\t\t\t\t\t\t\t\t\n\t\t\t\t\t<\/span>\n\t\t\t\t<span class=\"sticker sticker--sticker sticker--position sticker--sw sticker--emoji sticker--badge sticker--blue\" style=\"--x: 15px; --r: -5deg\" aria-hidden=\"true\">\n\t\t\t\t\t\t\t<img loading=\"lazy\" decoding=\"async\" src=\"https:\/\/swat.io\/wp-content\/themes\/swatio\/img\/emoji\/animated\/trophy.gif\" alt=\"Emoji\" loading=\"lazy\" height=\"128\" width=\"128\" class=\"emoji-animated\">\t\t\t\t\t\t\t\t<svg xmlns=\"http:\/\/www.w3.org\/2000\/svg\" width=\"129\" height=\"129\" viewBox=\"0 0 129 129\" class=\"sticker__badge\"><path d=\"M5 68l-3 2c-3 3-2 7 1 8l4 1c3 1 4 5 2 7l-2 3c-2 3 0 7 3 7h5c2 1 4 3 4 6l-1 4c-1 3 2 6 5 5l4-1c3 0 5 2 5 4l1 4c0 4 4 6 6 4l4-2c2-2 5-1 6 2l2 4c1 3 5 3 7 1l3-3c2-2 5-2 7 0l2 3c3 2 7 2 8-1l1-4c1-3 5-4 7-2l3 2c3 2 7 0 7-4v-4c1-2 3-4 6-4l4 1c3 1 6-2 5-5l-1-4c0-3 2-5 4-6h4c4 0 6-4 4-7l-2-3c-2-2-1-6 2-7l4-1c3-1 3-5 1-8l-3-2c-2-2-2-5 0-7l3-3c2-2 2-6-1-7l-4-2c-3-1-4-4-2-6l2-4c2-2 0-6-4-6l-4-1c-2 0-4-2-4-5l1-4c1-3-2-6-5-5l-4 1c-3 0-5-2-6-4v-5c0-3-4-5-7-3l-3 2c-2 2-6 1-7-2l-1-4c-1-3-5-4-8-1l-2 3c-2 2-5 2-7 0l-3-3c-2-3-6-2-7 1l-2 4c-1 3-4 4-6 2l-4-2c-2-2-6 0-6 3l-1 5c0 2-2 4-5 4l-4-1c-3-1-6 2-5 5l1 4c0 3-2 5-4 5l-5 1c-3 0-5 4-3 6l2 4c2 2 1 5-2 6l-4 2c-3 1-4 5-1 7l3 3c2 2 2 5 0 7z\"\/><\/svg>\n\t\t\t\t\t\t\t\t\n\t\t\t\t\t\t\t\t\t\t\t\t<\/span>\n\t\t\t\t<\/div>\n\t\t\t\t<\/div>\n\t\t\t\t\t<\/div>\n\t\t<\/div>\n\t\t\t\t\t<\/div>\n\t\t<\/section>\n\t\t\t\t<\/div>\n\t\t","protected":false},"excerpt":{"rendered":"<p>Presse und Medien F\u00fcr Berichterstattung rund um Swat.io bieten wir auf dieser Seite ein Presse-Kit, unser Logo, Bilder unseres Teams\u2026<\/p>\n","protected":false},"author":59,"featured_media":32356,"parent":0,"menu_order":804,"comment_status":"closed","ping_status":"closed","template":"","meta":{"footnotes":""},"class_list":["entry","entry--page"],"_links":{"self":[{"href":"https:\/\/swat.io\/de\/wp-json\/wp\/v2\/pages\/33836","targetHints":{"allow":["GET"]}}],"collection":[{"href":"https:\/\/swat.io\/de\/wp-json\/wp\/v2\/pages"}],"about":[{"href":"https:\/\/swat.io\/de\/wp-json\/wp\/v2\/types\/page"}],"author":[{"embeddable":true,"href":"https:\/\/swat.io\/de\/wp-json\/wp\/v2\/users\/59"}],"replies":[{"embeddable":true,"href":"https:\/\/swat.io\/de\/wp-json\/wp\/v2\/comments?post=33836"}],"version-history":[{"count":53,"href":"https:\/\/swat.io\/de\/wp-json\/wp\/v2\/pages\/33836\/revisions"}],"predecessor-version":[{"id":50184,"href":"https:\/\/swat.io\/de\/wp-json\/wp\/v2\/pages\/33836\/revisions\/50184"}],"wp:featuredmedia":[{"embeddable":true,"href":"https:\/\/swat.io\/de\/wp-json\/wp\/v2\/media\/32356"}],"wp:attachment":[{"href":"https:\/\/swat.io\/de\/wp-json\/wp\/v2\/media?parent=33836"}],"curies":[{"name":"wp","href":"https:\/\/api.w.org\/{rel}","templated":true}]}}