{"id":50980,"date":"2025-02-20T13:18:47","date_gmt":"2025-02-20T11:18:47","guid":{"rendered":"https:\/\/swat.io\/?page_id=50980"},"modified":"2026-04-01T13:15:30","modified_gmt":"2026-04-01T11:15:30","slug":"ngo-kontaktformular","status":"publish","type":"page","link":"https:\/\/swat.io\/de\/ngo-kontaktformular\/","title":{"rendered":"NGO Kontaktformular"},"content":{"rendered":"\t\t<div data-elementor-type=\"wp-post\" data-elementor-id=\"50980\" class=\"elementor elementor-50980\" data-elementor-post-type=\"page\">\n\t\t\t\t\t\t<section class=\"\" data-e-type=\"section\">\n\t\t\t\t\t\t<div class=\"elementor-container elementor-column-gap-default\">\n\t\t\t\t\t<div class=\"\" data-e-type=\"column\">\n\t\t\t<div class=\"elementor-widget-wrap elementor-element-populated\">\n\t\t\t\t\t\t<div class=\"demo--media-left margin-default demo\" data-e-type=\"widget\" id=\"anfrage\">\n\t\t\t\t<div class=\"demo__container inner inner--narrow\">\n\t\t\t\t\t\t<div class=\"demo__body\">\t\t\t<h1 class=\"demo__title headline\">Anfrage f\u00fcr NGOs<\/h1>\t\t\t\t\t\t<div class=\"demo__text text\">\n\t\t\t\tDu arbeitest in einer gemeinn\u00fctzigen Organisation und m\u00f6chtest Swat.io nutzen? Das freut uns! \n<br><br>\nSchicke bitte das Formular mit allen Informationen ab. Wir melden uns bei dir.\t\t\t<\/div>\n\t\t\t\n\t\t\t\t\t\t\t<div class=\"demo__form form-hubspot\">\n\t\t\t\t\t\t<div id=\"form-69e24b85bed94\" class=\"hbspt-form\"><\/div>\n\t\t<script>\n\t\t\tvar swatio_forms_create_69e24b85bed94 = function() {\n\t\t\t\thbspt.forms.create({\n\t\t\t\t\tportalId: \"7098362\",\n\t\t\t\t\tformId: \"8fcdbec0-606c-4c42-a1b3-69aab88180a3\",\n\t\t\t\t\tsubmitButtonClass: \"button-dark\",\n\t\t\t\t\tlocale: \"de\",\n\t\t\t\t\t\t\t\t\t\tonFormReady: function(form) {\n\t\t\t\t\t\tvar footer = form[0].querySelector(\".hs-form__footer\");\n\t\t\t\t\t\tif(footer){\n\t\t\t\t\t\t\tform[0].querySelector(\".hs-submit\").after(form[0].querySelector(\".hs-form__footer\").parentElement.parentElement);\n\t\t\t\t\t\t}\n\t\t\t\t\t\tvar privacyText = null;\n\t\t\t\t\t\t\n\t\t\t\t\t\t\t\t\t\t\t\t\n\t\t\t\t\t\twindow.SwatioHubspotForms.privacyToggle(form, privacyText);\n\t\t\t\t\t\twindow.SwatioHubspotForms.autofill(form);\t\t\t\t\t},\n\t\t\t\t\ttarget: \"#form-69e24b85bed94\"\n\t\t\t\t});\n\t\t\t\t\n\t\t\t\twindow.removeEventListener(\"swatio_forms_loaded\", swatio_forms_create_69e24b85bed94);\n\t\t\t};\n\t\t\t\n\t\t\twindow.addEventListener(\"swatio_forms_loaded\", swatio_forms_create_69e24b85bed94);\n\t\t\t \n\t\t\tif (window.hbspt !== undefined) {\n\t\t\t\twindow.dispatchEvent(new CustomEvent(\"swatio_forms_loaded\"));\n\t\t\t}\n\t\t\t\t\t<\/script>\n\t\t\t\t\t\t<\/div>\n\t\t\t\t\t\t\n\t\t\t<\/div>\t\t\t\t\t\t<div class=\"demo__media \">\t\t\t\t<div class=\"media__item media \">\n\t\t\t\t\t\t\t\t\t\t<img fetchpriority=\"high\" decoding=\"async\" width=\"1080\" height=\"718\" src=\"https:\/\/swat.io\/wp-content\/uploads\/2021\/11\/Swat.io-Office-Kitchen-1080x718.jpg\" class=\"media-border__item image-element\" alt=\"Swat.io Office: Kitchen\" srcset=\"https:\/\/swat.io\/wp-content\/uploads\/2021\/11\/Swat.io-Office-Kitchen-1080x718.jpg 1080w, https:\/\/swat.io\/wp-content\/uploads\/2021\/11\/Swat.io-Office-Kitchen-750x499.jpg 750w, https:\/\/swat.io\/wp-content\/uploads\/2021\/11\/Swat.io-Office-Kitchen-1536x1022.jpg 1536w, https:\/\/swat.io\/wp-content\/uploads\/2021\/11\/Swat.io-Office-Kitchen-640x426.jpg 640w, https:\/\/swat.io\/wp-content\/uploads\/2021\/11\/Swat.io-Office-Kitchen-300x200.jpg 300w, https:\/\/swat.io\/wp-content\/uploads\/2021\/11\/Swat.io-Office-Kitchen.jpg 2048w\" sizes=\"(max-width: 1080px) 100vw, 1080px\" \/>\t\t\t\t\t<\/a>\t\t\t\t<\/div>\n\t\t\t\t<\/div>\t\t\t\n\t\t\t\t\t\t\n\t\t\t\t\t\t\t\n\t\t<\/div>\n\t\t\t\t<\/div>\n\t\t\t\t<div class=\"margin-xs heading--default mark-default heading\" data-e-type=\"widget\">\n\t\t\t\t<div class=\"heading__container   inner inner--narrow \">\n\t\t\t\t\t\t\t\t\t\t\t\t<h2 class=\"heading__title headline can-mark\">Unterst\u00fctzte Netzwerke<\/h2>\t\t\t\n\t\t\t\n\t\t\t\t\t\t\n\t\t\t\t\t<\/div>\n\t\t\t\t<\/div>\n\t\t\t\t\t<\/div>\n\t\t<\/div>\n\t\t\t\t\t<\/div>\n\t\t<\/section>\n\t\t\t\t<section class=\"\" data-e-type=\"section\">\n\t\t\t\t\t\t<div class=\"elementor-container elementor-column-gap-default\">\n\t\t\t\t\t<div class=\"\" data-e-type=\"column\">\n\t\t\t<div class=\"elementor-widget-wrap elementor-element-populated\">\n\t\t\t\t\t\t<div class=\"logos--height-m logos--color-default logos--single logos--wrap-yes logos--columns-4 margin-default elementor-widget elementor-widget-global elementor-global-22496 elementor-widget-logos\" data-e-type=\"widget\" data-widget_type=\"logos.default\">\n\t\t\t\t\t\t\t\t\t\t\t\t\t\t\t\t\t\t<div class=\"logos__container inner \">\n\t\t\t\t\t\t\t\t<div class=\"logos__items\">\n\t\t\t\t\t\t\t\t\t\t\t\t\t\t\t<div class=\"logos__item\"><a href=\"https:\/\/swat.io\/de\/facebook\/\" class=\"logos__link\"><img decoding=\"async\" width=\"32\" height=\"32\" src=\"https:\/\/swat.io\/wp-content\/uploads\/2023\/09\/Facebook-2023-logo.svg\" class=\"logos__image image-element\" alt=\"\" \/><\/a><\/div>\n\t\t\t\t\t\t\t\t\t\t\t\t\t\t\t<div class=\"logos__item\"><a href=\"https:\/\/swat.io\/de\/instagram\/\" class=\"logos__link\"><img decoding=\"async\" width=\"32\" height=\"32\" src=\"https:\/\/swat.io\/wp-content\/uploads\/2021\/09\/Instagram.svg\" class=\"logos__image image-element\" alt=\"Instagram\" \/><\/a><\/div>\n\t\t\t\t\t\t\t\t\t\t\t\t\t\t\t<div class=\"logos__item\"><a href=\"https:\/\/swat.io\/de\/linkedin\/\" class=\"logos__link\"><img loading=\"lazy\" decoding=\"async\" width=\"32\" height=\"32\" src=\"https:\/\/swat.io\/wp-content\/uploads\/2021\/09\/LinkedIn.svg\" class=\"logos__image image-element\" alt=\"LinkedIn\" \/><\/a><\/div>\n\t\t\t\t\t\t\t\t\t\t\t\t\t\t\t<div class=\"logos__item\"><a href=\"https:\/\/swat.io\/de\/youtube\/\" class=\"logos__link\"><img loading=\"lazy\" decoding=\"async\" width=\"32\" height=\"32\" src=\"https:\/\/swat.io\/wp-content\/uploads\/2021\/09\/Youtube.svg\" class=\"logos__image image-element\" alt=\"Youtube\" \/><\/a><\/div>\n\t\t\t\t\t\t\t\t\t\t\t\t\t\t\t<div class=\"logos__item\"><a href=\"https:\/\/swat.io\/de\/pinterest\/\" class=\"logos__link\"><img loading=\"lazy\" decoding=\"async\" width=\"32\" height=\"33\" src=\"https:\/\/swat.io\/wp-content\/uploads\/2021\/09\/Pinterest.svg\" class=\"logos__image image-element\" alt=\"Pinterest\" \/><\/a><\/div>\n\t\t\t\t\t\t\t\t\t\t\t\t\t\t\t<div class=\"logos__item\"><a href=\"https:\/\/swat.io\/de\/google-my-business\/\" class=\"logos__link\"><img loading=\"lazy\" decoding=\"async\" width=\"32\" height=\"32\" src=\"https:\/\/swat.io\/wp-content\/uploads\/2021\/09\/GoogleMyBusiness.svg\" class=\"logos__image image-element\" alt=\"GoogleMyBusiness\" \/><\/a><\/div>\n\t\t\t\t\t\t\t\t\t\t\t\t\t\t\t<div class=\"logos__item\"><a href=\"https:\/\/swat.io\/de\/whatsapp\/\" class=\"logos__link\"><img loading=\"lazy\" decoding=\"async\" width=\"32\" height=\"32\" src=\"https:\/\/swat.io\/wp-content\/uploads\/2021\/09\/WhatsApp.svg\" class=\"logos__image image-element\" alt=\"WhatsApp\" \/><\/a><\/div>\n\t\t\t\t\t\t\t\t\t\t\t\t\t\t\t<div class=\"logos__item\"><a href=\"https:\/\/swat.io\/de\/facebook\/\" class=\"logos__link\"><img loading=\"lazy\" decoding=\"async\" width=\"32\" height=\"32\" src=\"https:\/\/swat.io\/wp-content\/uploads\/2021\/09\/Messenger.svg\" class=\"logos__image image-element\" alt=\"Messenger\" \/><\/a><\/div>\n\t\t\t\t\t\t\t\t\t\t\t\t\t\t\t<div class=\"logos__item\"><a href=\"https:\/\/swat.io\/de\/tiktok\/\" class=\"logos__link\"><img loading=\"lazy\" decoding=\"async\" width=\"33\" height=\"32\" src=\"https:\/\/swat.io\/wp-content\/uploads\/2022\/04\/tiktok-logo.svg\" class=\"logos__image image-element\" alt=\"TikTok Logo\" \/><\/a><\/div>\n\t\t\t\t\t\t\t\t\t\t\t\t\t\t\t<div class=\"logos__item\"><a href=\"https:\/\/swat.io\/de\/bluesky\/\" class=\"logos__link\"><img loading=\"lazy\" decoding=\"async\" width=\"36\" height=\"32\" src=\"https:\/\/swat.io\/wp-content\/uploads\/2024\/01\/Bluesky.svg\" class=\"logos__image image-element\" alt=\"\" \/><\/a><\/div>\n\t\t\t\t\t\t\t\t\t\t\t\t\t\t\t<div class=\"logos__item\"><a href=\"https:\/\/swat.io\/de\/threads\/\" class=\"logos__link\"><img loading=\"lazy\" decoding=\"async\" width=\"32\" height=\"32\" src=\"https:\/\/swat.io\/wp-content\/uploads\/2024\/08\/Threads.svg\" class=\"logos__image image-element\" alt=\"\" \/><\/a><\/div>\n\t\t\t\t\t\t\t\t\t<\/div>\n\t\t\t\t\t\t\t<\/div>\n\t\t\t\t\t\t\t\t\t\t\t\t\t<\/div>\n\t\t\t\t\t<\/div>\n\t\t<\/div>\n\t\t\t\t\t<\/div>\n\t\t<\/section>\n\t\t\t\t<section class=\"\" data-e-type=\"section\">\n\t\t\t\t\t\t<div class=\"elementor-container elementor-column-gap-default\">\n\t\t\t\t\t<div class=\"\" data-e-type=\"column\">\n\t\t\t<div class=\"elementor-widget-wrap elementor-element-populated\">\n\t\t\t\t\t\t<div class=\"heading--default margin-default mark-default heading\" data-e-type=\"widget\">\n\t\t\t\t<div class=\"heading__container has-emoji has-kicker inner inner--narrow \">\n\t\t\t<div class=\"heading__emoji\"><img loading=\"lazy\" decoding=\"async\" src=\"https:\/\/swat.io\/wp-content\/themes\/swatio\/img\/emoji\/animated\/clapping_hands.gif\" alt=\"Emoji\" loading=\"lazy\" height=\"128\" width=\"128\" class=\"emoji-animated\"><\/div>\t\t\t\t\t\t<div class=\"heading__kicker text-large\">Das Ende deiner Suche<\/div>\t\t\t<h2 class=\"heading__title headline can-mark\">Es ist nicht einfach, das richtige Social Media Tool zu finden. Bei uns bist du richtig.<\/h2>\t\t\t\t\t\t<div class=\"heading__text text-large\">\n\t\t\t\tSeit 2010 besch\u00e4ftigen wir uns mit den Anspr\u00fcchen von professionellen Social Media Teams. Vom Ein-Personen-Unternehmen bis zum internationalen Konzern braucht es \u00dcbersicht und Kontrolle, um mehr Zeit f\u00fcr wichtige Aufgaben im Social Media Management zu gewinnen. \u00dcber 18.000 Nutzer:innen vertrauen aktuell auf unsere Expertise.\t\t\t<\/div>\n\t\t\t\n\t\t\t\n\t\t\t\t\t\t\n\t\t\t\t\t<\/div>\n\t\t\t\t<\/div>\n\t\t\t\t\t<\/div>\n\t\t<\/div>\n\t\t\t\t\t<\/div>\n\t\t<\/section>\n\t\t\t\t<section class=\"\" data-e-type=\"section\">\n\t\t\t\t\t\t<div class=\"elementor-container elementor-column-gap-default\">\n\t\t\t\t\t<div class=\"\" data-e-type=\"column\">\n\t\t\t<div class=\"elementor-widget-wrap elementor-element-populated\">\n\t\t\t\t\t\t<div class=\"image--default margin-default image\" data-e-type=\"widget\">\n\t\t\t\t<div class=\"image__container inner inner--narrow inner--sticker\">\n\t\t\t<div class=\"header__media\">\t\t\t\t<div class=\"media__item media media-border media-border--large   media-border--blue\">\n\t\t\t\t\t\t\t\t\t\t<img loading=\"lazy\" decoding=\"async\" width=\"2160\" height=\"1350\" src=\"https:\/\/swat.io\/wp-content\/uploads\/2021\/09\/DE-Home-Swat.io-Dashboard-2160x1350.jpg\" class=\"media-border__item image-element\" alt=\"\" srcset=\"https:\/\/swat.io\/wp-content\/uploads\/2021\/09\/DE-Home-Swat.io-Dashboard-2160x1350.jpg 2160w, https:\/\/swat.io\/wp-content\/uploads\/2021\/09\/DE-Home-Swat.io-Dashboard-750x469.jpg 750w, https:\/\/swat.io\/wp-content\/uploads\/2021\/09\/DE-Home-Swat.io-Dashboard-1080x675.jpg 1080w, https:\/\/swat.io\/wp-content\/uploads\/2021\/09\/DE-Home-Swat.io-Dashboard-1536x960.jpg 1536w, https:\/\/swat.io\/wp-content\/uploads\/2021\/09\/DE-Home-Swat.io-Dashboard-2048x1280.jpg 2048w, https:\/\/swat.io\/wp-content\/uploads\/2021\/09\/DE-Home-Swat.io-Dashboard-640x400.jpg 640w, https:\/\/swat.io\/wp-content\/uploads\/2021\/09\/DE-Home-Swat.io-Dashboard-300x188.jpg 300w\" sizes=\"(max-width: 2160px) 100vw, 2160px\" \/>\t\t\t\t\t<\/a>\t\t\t\t<\/div>\n\t\t\t\t<\/div>\t\t\t\t\t<span class=\"sticker sticker--sticker sticker--position sticker--sw sticker--text sticker--0 sticker--pill sticker--brick\" style=\"--x: -5px; --y: 15px; --r: 5deg\" aria-hidden=\"true\">\n\t\t\t\t\t\t\tAlle Social Media Kan\u00e4le an einem Ort\t\t\t\t\t\t\t\t\n\t\t\t\t\t<\/span>\n\t\t\t\t<span class=\"sticker sticker--sticker sticker--position sticker--nw sticker--text sticker--1 sticker--pill sticker--orange\" style=\"--x: -10px; --y: -20px; --r: -4deg\" aria-hidden=\"true\">\n\t\t\t\t\t\t\tOrganisiertes Social Media Management\t\t\t\t\t\t\t\t\n\t\t\t\t\t<\/span>\n\t\t\t\t<span class=\"sticker sticker--sticker sticker--position sticker--ne sticker--emoji sticker--circle sticker--green\" style=\"--x: 5px; --y: -30px\" aria-hidden=\"true\">\n\t\t\t\t\t\t\t<img loading=\"lazy\" decoding=\"async\" src=\"https:\/\/swat.io\/wp-content\/themes\/swatio\/img\/emoji\/animated\/rocket.gif\" alt=\"Emoji\" loading=\"lazy\" height=\"128\" width=\"128\" class=\"emoji-animated\">\t\t\t\t\t\t\t\t\n\t\t\t\t\t\t\t\t\t\t\t\t<\/span>\n\t\t\t\t<\/div>\n\t\t\t\t<\/div>\n\t\t\t\t\t<\/div>\n\t\t<\/div>\n\t\t\t\t\t<\/div>\n\t\t<\/section>\n\t\t\t\t<\/div>\n\t\t","protected":false},"excerpt":{"rendered":"<p>Anfrage f\u00fcr NGOs Du arbeitest in einer gemeinn\u00fctzigen Organisation und m\u00f6chtest Swat.io nutzen? Das freut uns! Schicke bitte das Formular\u2026<\/p>\n","protected":false},"author":59,"featured_media":32356,"parent":0,"menu_order":920,"comment_status":"closed","ping_status":"closed","template":"","meta":{"footnotes":""},"class_list":["entry","entry--page"],"_links":{"self":[{"href":"https:\/\/swat.io\/de\/wp-json\/wp\/v2\/pages\/50980","targetHints":{"allow":["GET"]}}],"collection":[{"href":"https:\/\/swat.io\/de\/wp-json\/wp\/v2\/pages"}],"about":[{"href":"https:\/\/swat.io\/de\/wp-json\/wp\/v2\/types\/page"}],"author":[{"embeddable":true,"href":"https:\/\/swat.io\/de\/wp-json\/wp\/v2\/users\/59"}],"replies":[{"embeddable":true,"href":"https:\/\/swat.io\/de\/wp-json\/wp\/v2\/comments?post=50980"}],"version-history":[{"count":7,"href":"https:\/\/swat.io\/de\/wp-json\/wp\/v2\/pages\/50980\/revisions"}],"predecessor-version":[{"id":57106,"href":"https:\/\/swat.io\/de\/wp-json\/wp\/v2\/pages\/50980\/revisions\/57106"}],"wp:featuredmedia":[{"embeddable":true,"href":"https:\/\/swat.io\/de\/wp-json\/wp\/v2\/media\/32356"}],"wp:attachment":[{"href":"https:\/\/swat.io\/de\/wp-json\/wp\/v2\/media?parent=50980"}],"curies":[{"name":"wp","href":"https:\/\/api.w.org\/{rel}","templated":true}]}}