{"id":9888,"date":"2019-04-16T10:56:48","date_gmt":"2019-04-16T10:56:48","guid":{"rendered":"http:\/\/relaunch.swat.io\/impressum\/"},"modified":"2026-02-10T10:53:18","modified_gmt":"2026-02-10T08:53:18","slug":"impressum","status":"publish","type":"page","link":"https:\/\/swat.io\/de\/impressum\/","title":{"rendered":"Impressum"},"content":{"rendered":"\t\t<div data-elementor-type=\"wp-post\" data-elementor-id=\"9888\" class=\"elementor elementor-9888 elementor-6975\" data-elementor-post-type=\"page\">\n\t\t\t\t\t\t<section class=\"\" data-e-type=\"section\">\n\t\t\t\t\t\t<div class=\"elementor-container elementor-column-gap-default\">\n\t\t\t\t\t<div class=\"\" data-e-type=\"column\">\n\t\t\t<div class=\"elementor-widget-wrap elementor-element-populated\">\n\t\t\t\t\t\t<div class=\"margin-s map\" data-e-type=\"widget\">\n\t\t\t\t<div class=\"map__container inner inner--narrow\">\n\t\t\t<div class=\"map__wrapper\">\n\t\t\t\t\t\t\t\t <div class=\"brlbs-cmpnt-container brlbs-cmpnt-content-blocker brlbs-cmpnt-with-individual-styles\" data-borlabs-cookie-content-blocker-id=\"google-maps\" data-borlabs-cookie-content=\"PGlmcmFtZSBjbGFzcz0ibWFwX19lbWJlZCIgc3JjPSJodHRwczovL21hcHMuZ29vZ2xlLmNvbS9tYXBzP3E9U3dhdC5pbyBHbWJILCBXaWVuJnQ9Jno9MTUmaWU9VVRGOCZpd2xvYz0mb3V0cHV0PWVtYmVkIiBmcmFtZWJvcmRlcj0iMCIgc2Nyb2xsaW5nPSJubyIgbWFyZ2luaGVpZ2h0PSIwIiBtYXJnaW53aWR0aD0iMCIgdGl0bGU9Ik1hcDogU3dhdC5pbyBHbWJILCBXaWVuIj48L2lmcmFtZT4=\"><div class=\"brlbs-cmpnt-cb-preset-b brlbs-cmpnt-cb-google-maps\"> <div class=\"brlbs-cmpnt-cb-thumbnail\" style=\"background-image: url('https:\/\/swat.io\/wp-content\/uploads\/borlabs-cookie\/1\/brlbs-cb-google-maps-main.png')\"><\/div> <div class=\"brlbs-cmpnt-cb-main\"> <div class=\"brlbs-cmpnt-cb-content\"> <p class=\"brlbs-cmpnt-cb-description\">Sie sehen gerade einen Platzhalterinhalt von <strong>Google Maps<\/strong>. Um auf den eigentlichen Inhalt zuzugreifen, klicken Sie auf die Schaltfl\u00e4che unten. Bitte beachten Sie, dass dabei Daten an Drittanbieter weitergegeben werden.<\/p> <a class=\"brlbs-cmpnt-cb-provider-toggle\" href=\"#\" data-borlabs-cookie-show-provider-information role=\"button\">Mehr Informationen<\/a> <\/div> <div class=\"brlbs-cmpnt-cb-buttons\"> <a class=\"brlbs-cmpnt-cb-btn\" href=\"#\" data-borlabs-cookie-unblock role=\"button\">Inhalt entsperren<\/a> <a class=\"brlbs-cmpnt-cb-btn\" href=\"#\" data-borlabs-cookie-accept-service role=\"button\" style=\"display: inherit\">Erforderlichen Service akzeptieren und Inhalte entsperren<\/a> <\/div> <\/div> <\/div><\/div>\n\t\t\t\t\t\t\t<\/div>\n\t\t<\/div>\n\t\t\t\t<\/div>\n\t\t\t\t<div class=\"body--title-left margin-default body\" data-e-type=\"widget\">\n\t\t\t\t<div class=\"body__container inner inner--narrow\">\n\t\t\t<div class=\"body__wrapper\">\n\t\t\t\t<h2 class=\"body__title headline\">Impressum<\/h2>\t\t\t\t\t\t\t\t<div class=\"body__text text text-rich\">\n\t\t\t\t\t<p>Mit <img loading=\"lazy\" decoding=\"async\" class=\"emojione\" alt=\"&#x2764;\" title=\":heart:\" src=\"https:\/\/swat.io\/wp-content\/themes\/swatio\/img\/emoji\/static\/2764.svg\" width=\"32\" height=\"32\" loading=\"lazy\" \/> gemacht von<\/p>\n<p>Swat.io GmbH<br \/>Sch\u00f6nbrunner Stra\u00dfe 213-215,\u00a03. Stock<br \/>1120 Wien<\/p>\n<p>Firmenbuch: FN 348798 p<br \/>Firmengericht: Handelsgericht Wien<br \/>UID: ATU 65871657<br \/>Mitglied der <a href=\"http:\/\/firmen.wko.at\/Web\/DetailsInfos.aspx?FirmaID=1c2af0fa-15bb-4bc8-be7e-625313561f11\" target=\"_blank\" rel=\"noopener\">Wirtschaftskammer \u00d6sterreich<\/a><br \/><a href=\"http:\/\/firmen.wko.at\/Web\/DetailsKontakt.aspx?FirmaID=3da3a5d0-b225-495a-a2d5-52c24984d7c3\" target=\"_blank\" rel=\"noopener\">Information gem. \u00a7 5 ECG und Offenlegung gem. \u00a7 25 MedienG<\/a><\/p>\n<ul class=\"emoji-list\">\n<li><img loading=\"lazy\" decoding=\"async\" class=\"emojione\" alt=\"&#x2709;\" title=\":envelope:\" src=\"https:\/\/swat.io\/wp-content\/themes\/swatio\/img\/emoji\/static\/2709.svg\" width=\"32\" height=\"32\" loading=\"lazy\" \/> E-Mail: <a href=\"mailto:office@swat.io\">office@swat.io<\/a><\/li>\n<li><i class=\"icon-facebook\"><\/i> Facebook: <a href=\"https:\/\/facebook.com\/swat.io\">facebook.com\/swat.io<\/a><\/li>\n<li><i class=\"icon-twitter\"><\/i> Twitter: <a href=\"https:\/\/www.twitter.com\/swat_io\" target=\"_blank\" rel=\"noopener\">@swat_io<\/a><\/li>\n<li><i class=\"icon-linkedin\"><\/i> LinkedIn: <a href=\"https:\/\/www.linkedin.com\/company\/swat-io\" target=\"_blank\" rel=\"noopener\">linkedin.com\/company\/swat-io<\/a><\/li>\n<\/ul>\n<p>Zentrale elektronische Kontaktstelle f\u00fcr die Beh\u00f6rden der Mitgliedstaaten, die Europ\u00e4ische Kommission und das Europ\u00e4ische Gremium f\u00fcr digitale Dienste sowie f\u00fcr Nutzer von Swat.io gem\u00e4\u00df Art 11 und 12 des Gesetzes \u00fcber digitale Dienste: <a href=\"mailto:privacy@swat.io\" target=\"_blank\" rel=\"noopener noreferrer nofollow\">privacy@swat.io<\/a> <br \/>(Kommunikation auf Englisch und Deutsch m\u00f6glich.)<\/p>\n\t\t\t\t<\/div>\n\t\t\t\t\t\t\t\t\n\t\t\t\t\t\t\t<\/div>\n\t\t<\/div>\n\t\t\t\t<\/div>\n\t\t\t\t\t<\/div>\n\t\t<\/div>\n\t\t\t\t\t<\/div>\n\t\t<\/section>\n\t\t\t\t<\/div>\n\t\t","protected":false},"excerpt":{"rendered":"<p>Sie sehen gerade einen Platzhalterinhalt von Google Maps. Um auf den eigentlichen Inhalt zuzugreifen, klicken Sie auf die Schaltfl\u00e4che unten.\u2026<\/p>\n","protected":false},"author":62,"featured_media":32356,"parent":0,"menu_order":901,"comment_status":"closed","ping_status":"closed","template":"","meta":{"footnotes":""},"class_list":["entry","entry--page"],"_links":{"self":[{"href":"https:\/\/swat.io\/de\/wp-json\/wp\/v2\/pages\/9888","targetHints":{"allow":["GET"]}}],"collection":[{"href":"https:\/\/swat.io\/de\/wp-json\/wp\/v2\/pages"}],"about":[{"href":"https:\/\/swat.io\/de\/wp-json\/wp\/v2\/types\/page"}],"author":[{"embeddable":true,"href":"https:\/\/swat.io\/de\/wp-json\/wp\/v2\/users\/62"}],"replies":[{"embeddable":true,"href":"https:\/\/swat.io\/de\/wp-json\/wp\/v2\/comments?post=9888"}],"version-history":[{"count":42,"href":"https:\/\/swat.io\/de\/wp-json\/wp\/v2\/pages\/9888\/revisions"}],"predecessor-version":[{"id":48653,"href":"https:\/\/swat.io\/de\/wp-json\/wp\/v2\/pages\/9888\/revisions\/48653"}],"wp:featuredmedia":[{"embeddable":true,"href":"https:\/\/swat.io\/de\/wp-json\/wp\/v2\/media\/32356"}],"wp:attachment":[{"href":"https:\/\/swat.io\/de\/wp-json\/wp\/v2\/media?parent=9888"}],"curies":[{"name":"wp","href":"https:\/\/api.w.org\/{rel}","templated":true}]}}